{"id":18169,"date":"2024-04-28T02:32:40","date_gmt":"2024-04-28T02:32:40","guid":{"rendered":"https:\/\/bpsystem.eu\/privacy-policy\/"},"modified":"2024-04-28T02:32:40","modified_gmt":"2024-04-28T02:32:40","slug":"privacy-policy","status":"publish","type":"page","link":"https:\/\/bpsystem.eu\/en\/privacy-policy\/","title":{"rendered":"Privacy Policy"},"content":{"rendered":"&#13;\n<p>\u00a0<\/p>&#13;\n<p>\u00a0<\/p>&#13;\n<p>\u00a0<\/p>&#13;\n<p>Gentile utente\/visitatore, benvenuto sulla pagina di privacy policy del nostro sito web www.bpsystem.eu (di seguito, il \u201cSito\u201d).<\/p>&#13;\n<p>La sua privacy \u00e8 molto importante per noi e per tutelarla al meglio, le forniamo queste note di Privacy Policy in cui trover\u00e0 indicazioni sul tipo di informazioni raccolte attraverso il Sito e sulle varie possibilit\u00e0 che ha di intervenire nella raccolta e nell\u2019utilizzo di tali informazioni. La preghiamo di leggere attentamente il presente documento (di seguito, \u201cPrivacy Policy\u201d) che si applica in ogni caso in cui lei acceda al Sito e decida di navigare al suo interno e di utilizzare i suoi servizi, indipendentemente dalla registrazione. Si tratta di un\u2019informativa che \u00e8 resa ai sensi dell\u2019art. 13 del Regolamento generale sulla protezione dei dati 2016\/679 (di seguito, \u201cRegolamento\u201d). L\u2019informativa \u00e8 resa solo per questo Sito e non anche per altri siti web eventualmente consultati dall\u2019utente tramite link. La navigazione sul Sito e\/o l\u2019accesso ad alcune sezioni del Sito e\/o eventuali richieste di informazioni o di servizi da parte degli utenti del Sito potranno comportare il trattamento di dati personali. Con l\u2019uso o la consultazione del Sito i visitatori e gli utenti approvano esplicitamente la presente Privacy Policy e acconsentono al trattamento dei loro dati personali in relazione alle modalit\u00e0 e alle finalit\u00e0 di seguito descritte, compreso l\u2019eventuale diffusione a terzi se necessaria per l\u2019erogazione di un servizio.<\/p>&#13;\n<p>L\u2019utente\/visitatore prende atto che l\u2019eventuale indicazione di dati personali e di contatto di qualsiasi terzo soggetto diverso dall\u2019utente stesso (ad esempio nella compilazione del form di inserimento dati presenti sul Sito) rappresenta un trattamento di dati personali rispetto al quale egli si pone come autonomo titolare, assumendosi tutti gli obblighi e le responsabilit\u00e0 previste dalla normativa vigente. In tal senso l\u2019utente garantisce che qualsiasi dato di terzi soggetti che sar\u00e0 cos\u00ec indicato dall\u2019utente (e che sar\u00e0 conseguentemente trattato come se il terzo soggetto avesse fornito in proprio il consenso informato al trattamento) \u00e8 stato acquisito dall\u2019utente medesimo in piena conformit\u00e0 alle leggi applicabili. L\u2019utente conferisce sul punto la pi\u00f9 ampia manleva rispetto ad ogni contestazione, pretesa, richiesta di risarcimento del danno da trattamento che dovesse pervenire da qualsivoglia terzo soggetto interessato a causa del conferimento dei dati indicati dall\u2019utente in violazione delle norme sulla tutela dei dati personali applicabili.<\/p>&#13;\n<h3 class=\"wp-block-heading\">Proprietor<\/h3>&#13;\n<p>Titolare del trattamento \u00e8 BP System P.IVA 02912120132 &#8211; Via Alla Spiaggia, 7\/a &#8211; 23900 Lecco &#8211; Italia, a cui Lei potr\u00e0 rivolgersi per far valere i Suoi diritti.<\/p>&#13;\n<h3>What data we collect and use?<\/h3>&#13;\n<p>Raccogliamo tutte le informazioni fornite dagli utenti nell\u2019invio dei moduli di contatto. Se gli utenti ci contattano via e-mail, terremo traccia di tale corrispondenza.Utilizziamo le informazioni personali per attivit\u00e0 di marketing solo se questa opzione \u00e8 stata accettata nel relativo modulo di inserimento dei dati personali.Raccogliamo dati di navigazione, informazioni che non sono raccolte per essere associate a interessati identificati, ma che per loro stessa natura potrebbero, attraverso elaborazioni ed associazioni con dati detenuti da terzi, permettere di identificare gli utenti. In questa categoria di dati rientrano ad esempio gli indirizzi IP o i nomi a dominio dei computer utilizzati dagli utenti che si connettono al Sito, gli indirizzi in notazione URI (Uniform Resource Identifier) delle risorse richieste, l\u2019orario della richiesta, il metodo utilizzato nel sottoporre la richiesta al server, la dimensione del file ottenuto in risposta, il codice numerico indicante lo stato della risposta data dal server (buon fine, errore, ecc.) ed altri parametri relativi al sistema operativo e all\u2019ambiente informatico dell\u2019utente. Le suddette informazioni sono trattate in forma automatizzata e raccolte in forma esclusivamente aggregata al fine di verificare il corretto funzionamento del sito e per motivi di sicurezza. A fini di sicurezza (filtri antispam, firewall, rilevazione virus), l\u2019indirizzo IP, potrebbe essere utilizzato, conformemente alle leggi vigenti in materia, al fine di bloccare tentativi di danneggiamento al sito medesimo o di recare danno ad altri utenti, o comunque attivit\u00e0 dannose o costituenti reato. Tali dati non sono mai utilizzati per l\u2019identificazione o la profilazione dell\u2019utente, ma solo a fini di tutela del sito e dei suoi utenti.<\/p>&#13;\n<h3>Purpose and legal basis of the processing<\/h3>&#13;\n<p>\u200dSecondo le esigenze di volta in volta manifestate dall\u2019utente che accede alle varie sezioni del Sito (e salvo norme e informative particolari per singole operazioni che comportino il conferimento di specifici dati personali, pubblicate di volta in volta sul Sito), di seguito sono indicate le finalit\u00e0 principali del trattamento dei dati personali conferiti direttamente dagli utenti ovvero acquisiti automaticamente mediante la navigazione:<\/p>&#13;\n<ol>&#13;\n<li>adesione ai servizi offerti dal Sito (ad esempio il servizio di prenotazione on line di un check-up);<\/li>&#13;\n<li>dare seguito a eventuali richieste avanzate dagli utenti stessi ad esempio con l\u2019invio spontaneo di candidature, messaggi di posta elettronica o tradizionale ai recapiti indicati sul Sito che comportano la successiva acquisizione dell\u2019indirizzo, anche e-mail, del mittente o della relativa numerazione telefonica necessari per rispondere alle richieste, nonch\u00e9 di eventuali altri dati personali inseriti nelle relative comunicazioni;<\/li>&#13;\n<li>marketing diretto e profilazione qualora l\u2019utente abbia selezionato tale opzione;<\/li>&#13;\n<li>migliorare la qualit\u00e0 dei servizi offerti tramite il Sito previa anonimizzazione;<\/li>&#13;\n<li>adempiere a obblighi previsti dalla legge, da un regolamento o dalla normativa comunitaria;<\/li>&#13;\n<li>accertare, esercitare o difendere un nostro diritto in sede giudiziaria;<\/li>&#13;\n<li>ricavare informazioni statistiche anonime sull\u2019uso del Sito e controllarne il corretto funzionamento;<\/li>&#13;\n<li>adempimenti gestionali, amministrativi, contabili e fiscali.Il trattamento di tali dati \u00e8 ammesso dal Regolamento, in quanto:&#13;\n<ol>&#13;\n<li>necessario per dare seguito a richieste avanzate dagli utenti stessi;<\/li>&#13;\n<li>necessario per i nostri legittimi interessi nel perseguire le finalit\u00e0 di cui sopra (ad esempio verificare il corretto funzionamento del sito e per motivi di sicurezza, esigenze di natura organizzativa e produttiva per migliorare costantemente i servizi resi agli utenti, la qualit\u00e0 e l\u2019efficacia del customer care). Tali interessi in ogni caso non sono in conflitto con il diritto alla privacy degli utenti;<\/li>&#13;\n<li>in alcuni casi, necessario per adempiere ad un obbligo giuridico, ad esempio in caso di comunicazione alle autorit\u00e0, enti governativi o di regolamentazione;<\/li>&#13;\n<li>necessario per avviare, portare avanti o difendersi in azioni legali;<\/li>&#13;\n<li>si basa sul consenso dell\u2019utente.Abbiamo la facolt\u00e0 di trattare dati personali per motivazioni diverse rispetto a quelle esplicitate nella presente privacy policy, qualora tale ulteriore trattamento sia compatibile con la finalit\u00e0 per la quale i dati sono stati inizialmente raccolti o a fronte del suo consenso e, in ogni caso, previo rilascio di idonea informativa.<\/li>&#13;\n<\/ol>&#13;\n<\/li>&#13;\n<\/ol>&#13;\n<h3>Nature of the provision of data and consequences of refusal<\/h3>&#13;\n<p>Il conferimento dei dati personali, che vengono richiesti nelle diverse occasioni di raccolta, pu\u00f2 essere necessario per il perseguimento delle finalit\u00e0 identificate nell\u2019apposita informativa, oppure facoltativo. La natura obbligatoria o facoltativa del conferimento \u00e8 specificata dal simbolo (*) posto al fianco dell\u2019informazione di carattere obbligatorio. Laddove il trattamento si basi sul suo consenso, tale consenso \u00e8 necessario. L\u2019eventuale rifiuto a comunicare taluni dati personali contrassegnati come obbligatori o di prestare il suo consenso laddove necessario, rende impossibile il perseguimento della finalit\u00e0 principale della specifica raccolta: tale rifiuto potrebbe ad esempio comportare l\u2019impossibilit\u00e0 di fornire i servizi disponibili sul Sito (candidatura per posizioni di lavoro aperte; trattamento di dati appartenenti alla categorie particolari di cui all\u2019art. 9 del Regolamento quali dati che rivelino rivelano l\u2019origine razziale o etnica, le opinioni politiche, le convinzioni religiose o filosofiche, o l\u2019appartenenza sindacale, nonch\u00e9 dati genetici, dati biometrici intesi a identificare in modo univoco una persona fisica, dati relativi alla salute o alla vita sessuale o all\u2019orientamento sessuale della persona; servizi di assistenza del nostro servizio clienti; prenotazione di un check \u2013 up, l\u2019invio di comunicazioni commerciali). Il conferimento di ulteriori dati personali, diversi da quelli contrassegnati come essenziali, \u00e8 invece facoltativo e non comporta alcuna conseguenza in ordine al perseguimento della finalit\u00e0 principale della raccolta.<\/p>&#13;\n<h3>\u200dAutomated decision making<\/h3>&#13;\n<p>\u200dNon prendiamo decisioni esclusivamente in base a un processo decisionale automatizzato, fra cui la profilazione, che produce effetti legali sull\u2019utente o ha altre conseguenze analoghe.<\/p>&#13;\n<h3>Treatment methods<\/h3>&#13;\n<p>Il trattamento dei dati avviene con o senza l\u2019ausilio di strumenti elettronici o, comunque, automatizzati, informatici o telematici, con logiche strettamente correlate alle finalit\u00e0 sopra espresse. Il trattamento dei dati sar\u00e0 effettuato in modo lecito e secondo correttezza e comunque in conformit\u00e0 alla normativa sopra richiamata, mediante strumenti idonei a garantirne la sicurezza e la riservatezza e potr\u00e0 essere effettuato anche attraverso strumenti automatizzati atti a memorizzare, gestire e trasmettere i dati stessi.<\/p>&#13;\n<h3>Retention period<\/h3>&#13;\n<p>\u200dConserveremo i dati personali degli utenti per il periodo necessario all\u2019adempiere dei nostri obblighi giuridici. Il periodo di conservazione delle informazioni personali dipende dallo scopo per cui vengono trattati i dati e dagli strumenti con cui tali informazioni personali sono trattate. Laddove possibile, indichiamo nelle singole informative il periodo di conservazione dei dati. In ogni caso, i criteri utilizzati per determinare il periodo di conservazione applicabile sono: (i) tempo necessario al conseguimento della relativa finalit\u00e0, (ii) tempo necessario all\u2019espletamento del rapporto commerciale con l\u2019utente, (iii) tempo accettato dall\u2019utente e\/o (iv) tempo richiesto dalle leggi applicabili in materia. Allo scadere periodo di conservazione i dati saranno cancellati, ovvero distrutti in modo sicuro ove possibile, o resi anonimi.<\/p>&#13;\n<h3>Communication and dissemination of data<\/h3>&#13;\n<p>I dati personali degli utenti non saranno diffusi, cio\u00e8 non saranno messi a conoscenza di soggetti indeterminati. Potranno invece essere comunicati, qualora la comunicazione risulti necessaria o funzionale allo svolgimento della nostra attivit\u00e0, nei modi e per le finalit\u00e0 sopra illustrate, a soggetti esterni i quali possono effettuare attivit\u00e0 di trattamento in qualit\u00e0 di autonomi titolari oppure in qualit\u00e0 di responsabili, appartenenti alle seguenti categorie:<\/p>&#13;\n<p>a) liberi professionisti per l\u2019acquisizione di pareri circa la corretta modalit\u00e0 di applicazione della disciplina giuslavoristica;<\/p>&#13;\n<p>b) societ\u00e0, private o pubbliche, enti o professionisti che svolgono attivit\u00e0 di consulenza e\/o di valutazione nell\u2019ambito del procedimento di selezione del personale;<\/p>&#13;\n<p>c) societ\u00e0, private o pubbliche, enti o professionisti ai fini di eventuale attivit\u00e0 di formazione propedeutica all\u2019instaurazione del rapporto di lavoro;<\/p>&#13;\n<p>d) societ\u00e0 che forniscono servizi di marketing e pubblicit\u00e0, ricerche di mercato;<\/p>&#13;\n<p>e) fornitori di servizi informatici (che forniscono un host o supportano i sistemi informatici delle Societ\u00e0 che includono dati personali dei candidati);<\/p>&#13;\n<p>f) enti pubblici e privati, anche a seguito di ispezioni, verifiche, gestione di richieste di risarcimento danni, per adempimenti di obblighi di legge e\/o di disposizioni di organi pubblici (es. amministrazione finanziaria, organi di polizia, autorit\u00e0 giudiziarie, societ\u00e0 di assicurazioni).<\/p>&#13;\n<p>I soggetti terzi che trattano dati per nostro conto e sotto la nostra autorit\u00e0, sono stati adeguatamente selezionati e risultano dotati di esperienza, capacit\u00e0 e affidabilit\u00e0 e offrono idonea garanzia del pieno rispetto delle vigenti disposizioni in materia di trattamento, ivi compreso il profilo della sicurezza dei dati, sono formalmente nominati responsabili del trattamento ai sensi dell\u2019art. 28 del Regolamento e sono soggetti a obblighi contrattuali e normativi al fine di mantenere la riservatezza dei dati. Periodicamente verifichiamo che i responsabili abbiano assolto puntualmente i compiti loro affidati e che continuino a prestare idonee garanzie del pieno rispetto delle disposizioni in materia di protezione dei dati personali. Avranno, inoltre, unicamente accesso a quelle informazioni necessarie per lo svolgimento delle proprie funzioni. Un elenco dettagliato e aggiornato di tali soggetti, nonch\u00e9 di coloro che operano quali responsabili del trattamento \u00e8 ottenibile inviando una richiesta al Titolare.<\/p>&#13;\n<p>Potranno inoltre conoscere e trattare i dati, tutti i dipendenti e collaboratori delle Societ\u00e0 appositamente autorizzati, ognuno nei limiti delle funzioni e mansioni svolte e secondo le istruzioni indicate nell\u2019atto di designazione, come ad esempio le persone incaricate della gestione e manutenzione dei sistemi informatici, delle banche dati, gli amministratori di sistema, nonch\u00e9 i dipendenti degli uffici cui sono affidate attivit\u00e0 che comportano il trattamento dei dati per le finalit\u00e0 esposte nella presente Privacy Policy e nelle ulteriori informative fornite in corrispondenza delle sezioni di raccolta dati.<\/p>&#13;\n<h3>\u200dTransfer of data outside the European Union<\/h3>&#13;\n<p>I dati personali potranno essere trasferiti extra UE per essere conservati sui server previa stipula di clausole contrattuali standard, adottate dalla Commissione Europea, con i provider dei server e\/o dei servizi affidati a terzi, ovvero verifica della registrazione del responsabile del trattamento dei dati nell\u2019ambito del sistema denominato \u201cPrivacy Shield\u201d.<\/p>&#13;\n<h3>Security measures<\/h3>&#13;\n<p>\u200dAdottiamo misure di sicurezza adeguate al fine di ridurre al minimo i rischi di distruzione o di perdita \u2013 anche accidentale \u2013 dei dati, di accesso non autorizzato o di trattamento non consentito o non conforme alle finalit\u00e0 di raccolta indicate nella nostra Privacy Policy. Il trasferimento, la conservazione e la elaborazione dei dati raccolti attraverso il Sito sono assicurati mediante idonee misure tecniche. Tuttavia non possiamo garantire agli utenti che le misure adottate per la sicurezza del Sito e della trasmissione dei dati e delle informazioni sul Sito limitino o escludano qualsiasi rischio di accesso non consentito o di dispersione dei dati da parte di dispositivi di pertinenza dell\u2019utente: le consigliamo di assicurarsi che il suo computer sia dotato di software adeguati per la protezione della trasmissione in rete di dati, sia in entrata che in uscita (come sistemi antivirus aggiornati) e che il suo fornitore di servizi Internet abbia adottato misure idonee per la sicurezza della trasmissione di dati in rete (come ad esempio firewall e filtri antispamming).<\/p>&#13;\n<h3>Your rights<\/h3>&#13;\n<ul>&#13;\n<li><strong>Diritto di accedere e ottenere una copia dei dati personali<\/strong><br\/>\u200dLei ha il diritto di richiedere la conferma che stiamo trattando qualsivoglia suo dato personale. In alcuni casi pu\u00f2 richiederci di fornirti una copia elettronica dei suoi dati.<\/li>&#13;\n<li>\u200d<strong>Diritto di rettifica dei dati personali<\/strong><br\/>\u200dNel caso in cui i dati in nostro possesso non siano corretti, ha la possibilit\u00e0 di richiederci l\u2019aggiornamento di tali dati oppure la loro correzione.<\/li>&#13;\n<li><strong>Diritto alla limitazione del trattamento e diritto all\u2019oblio<\/strong><br\/>\u200dIn alcune circostanze ha il diritto di richiedere una limitazione del trattamento dei suoi dati personali e\/o la cancellazione dei medesimi. Ha la facolt\u00e0 di presentare questa richiesta in qualsiasi momento e valuteremo la possibilit\u00e0 di accogliere la stessa. Tuttavia, tale diritto \u00e8 soggetto a diritti o obblighi giuridici e, quindi, potremmo dover conservare i dati in questione. Nelle situazioni in cui appuriamo che, ai sensi di legge, la sua richiesta di cancellazione dei dati personali possa essere accolta, provvederemo immediatamente a farlo senza ritardi ingiustificati.<\/li>&#13;\n<li>\u200d<strong>Diritto di opposizione<\/strong><br\/>\u200dHa il diritto di opporsi in qualsiasi momento, per motivi connessi alla sua situazione particolare, al trattamento dei dati personali che lo riguardano, compresa la profilazione. In tal caso, ci asterremo dal trattare ulteriormente i suoi dati personali salvo l\u2019esistenza di motivi legittimi cogenti per procedere al trattamento che prevalgono sui suoi interessi, diritti e libert\u00e0 oppure per l\u2019accertamento, l\u2019esercizio o la difesa di un diritto in sede giudiziaria. Ha il diritto di opporsi in qualsiasi momento al trattamento per finalit\u00e0 di marketing diretto, compresa la profilazione nella misura in cui sia connessa a tale marketing.<\/li>&#13;\n<li><strong>Diritto alla portabilit\u00e0<\/strong><br\/>\u200dIn presenza di determinati presupposti, ha il diritto di ricevere, in formato strutturato, di uso comune e leggibile da dispositivo automatico, i dati personali che la riguardano e ha il diritto che tali dati siano trasmessi direttamente ad altro titolare.<\/li>&#13;\n<li><strong>Diritto di proporre reclamo all\u2019Autorit\u00e0 di Controllo<\/strong><br\/>\u200dLei potr\u00e0 promuovere reclamo all\u2019Autorit\u00e0 di Controllo Italiana ove necessario, ovvero rivolgersi alla stessa per richiedere informazioni in merito all\u2019esercizio dei propri diritti.<\/li>&#13;\n<li><strong>Revoca del consenso<\/strong><br\/>Lei potr\u00e0, in qualsiasi momento, revocare i consensi prestati. Tuttavia, la revoca non pregiudicher\u00e0 la liceit\u00e0 del trattamento bastato sul consenso prima della revoca dello stesso.<\/li>&#13;\n<li><strong>Modalit\u00e0 di esercizio dei diritti<\/strong><br\/>Lei potr\u00e0, in qualunque momento, esercitare i suoi diritti inviando un messaggio di posta elettronica certificata all\u2019indirizzo e-mail a: <span \n                data-original-string='XZvJOlJKgVrM2ZKPyW2Grg==74bhKeTtGXNyMumIvuq5MpU\/cahU0xjbOBOqs5ecE2gJJs='\n                class='apbct-email-encoder'\n                title='This contact has been encoded by Anti-Spam by CleanTalk. Click to decode. To finish the decoding make sure that JavaScript is enabled in your browser.'>in<span class=\"apbct-blur\">**<\/span>@<span class=\"apbct-blur\">******<\/span>em.eu<\/span> Quando inviamo comunicazioni di marketing via e-mail, pu\u00f2 decidere di non ricevere ulteriori comunicazioni facendo clic su \u201ccancella iscrizione\u201d.<\/li>&#13;\n<\/ul>&#13;\n<h3>Review clause<\/h3>&#13;\n<p>\u200dCi riserviamo di rivedere, modificare o semplicemente aggiornare, in tutto o in parte, in qualsiasi modo e\/o in qualsiasi momento, senza preavviso, la presente Privacy Policy, anche in considerazione di modifiche di norme di legge o di regolamento in materia di protezione dei dati personali. Le modifiche e gli aggiornamenti saranno notificati nella Home Page del Sito sezione non appena adottati e saranno vincolanti non appena pubblicati sul Sito stesso. Preghiamo, pertanto, gli utenti di accedere con regolarit\u00e0 alla presente sezione per verificare la pubblicazione della pi\u00f9 recente ed aggiornata Privacy Policy.<\/p>&#13;\n","protected":false},"excerpt":{"rendered":"<p>&#13; \u00a0 &#13; \u00a0 &#13; \u00a0 &#13; Gentile utente\/visitatore, benvenuto sulla pagina di privacy policy del nostro sito web www.bpsystem.eu (di seguito, il \u201cSito\u201d). &#13; La sua privacy \u00e8 molto importante per noi e per tutelarla al meglio, le forniamo  [&#8230;]<\/p>\n","protected":false},"author":3,"featured_media":0,"parent":0,"menu_order":16,"comment_status":"closed","ping_status":"closed","template":"","meta":{"_acf_changed":false,"_seopress_robots_primary_cat":"","_seopress_titles_title":"","_seopress_titles_desc":"","_seopress_robots_index":"","footnotes":""},"class_list":["post-18169","page","type-page","status-publish","hentry"],"acf":[],"_links":{"self":[{"href":"https:\/\/bpsystem.eu\/en\/wp-json\/wp\/v2\/pages\/18169","targetHints":{"allow":["GET"]}}],"collection":[{"href":"https:\/\/bpsystem.eu\/en\/wp-json\/wp\/v2\/pages"}],"about":[{"href":"https:\/\/bpsystem.eu\/en\/wp-json\/wp\/v2\/types\/page"}],"author":[{"embeddable":true,"href":"https:\/\/bpsystem.eu\/en\/wp-json\/wp\/v2\/users\/3"}],"replies":[{"embeddable":true,"href":"https:\/\/bpsystem.eu\/en\/wp-json\/wp\/v2\/comments?post=18169"}],"version-history":[{"count":0,"href":"https:\/\/bpsystem.eu\/en\/wp-json\/wp\/v2\/pages\/18169\/revisions"}],"wp:attachment":[{"href":"https:\/\/bpsystem.eu\/en\/wp-json\/wp\/v2\/media?parent=18169"}],"curies":[{"name":"wp","href":"https:\/\/api.w.org\/{rel}","templated":true}]}}